{"id":667,"date":"2026-05-02T10:07:21","date_gmt":"2026-05-02T10:07:21","guid":{"rendered":"https:\/\/smokecs2.com\/?page_id=667"},"modified":"2026-05-02T10:10:36","modified_gmt":"2026-05-02T10:10:36","slug":"politica-de-cookies","status":"publish","type":"page","link":"https:\/\/smokecs2.com\/en\/politica-de-cookies\/","title":{"rendered":"Pol\u00edtica de cookies"},"content":{"rendered":"<div data-elementor-type=\"wp-page\" data-elementor-id=\"667\" class=\"elementor elementor-667\" wpc-filter-elementor-widget=\"1\" data-elementor-post-type=\"page\">\n\t\t\t\t<div class=\"elementor-element elementor-element-b589185 e-flex e-con-boxed e-con e-parent\" data-id=\"b589185\" data-element_type=\"container\" data-e-type=\"container\">\n\t\t\t\t\t<div class=\"e-con-inner\">\n\t\t<main class=\"elementor-element elementor-element-342a99f e-con-full e-flex e-con e-child\" data-id=\"342a99f\" data-element_type=\"container\" data-e-type=\"container\">\n\t\t<header class=\"elementor-element elementor-element-ae6de06 e-con-full e-flex e-con e-child\" data-id=\"ae6de06\" data-element_type=\"container\" data-e-type=\"container\">\n\t\t\t\t<div class=\"elementor-element elementor-element-7e8417f elementor-widget elementor-widget-heading\" data-id=\"7e8417f\" data-element_type=\"widget\" data-e-type=\"widget\" data-widget_type=\"heading.default\">\n\t\t\t\t\t<h1 class=\"elementor-heading-title elementor-size-default\">Pol\u00edtica de Cookies de smokecs2.com<\/h1>\t\t\t\t<\/div>\n\t\t\t\t<div class=\"elementor-element elementor-element-7cb5f09 elementor-widget elementor-widget-text-editor\" data-id=\"7cb5f09\" data-element_type=\"widget\" data-e-type=\"widget\" data-widget_type=\"text-editor.default\">\n\t\t\t\t\t\t\t\t\t<p data-path-to-node=\"6\">Esta p\u00e1gina explica qu\u00e9 son las cookies, cu\u00e1les utilizamos en <b data-path-to-node=\"6\" data-index-in-node=\"62\">smokecs2.com<\/b> y c\u00f3mo puedes gestionarlas o eliminarlas de tu navegador.<\/p>\t\t\t\t\t\t\t\t<\/div>\n\t\t\t\t<\/header>\n\t\t<section class=\"elementor-element elementor-element-135f0dd e-con-full e-flex e-con e-child\" data-id=\"135f0dd\" data-element_type=\"container\" data-e-type=\"container\">\n\t\t\t\t<div class=\"elementor-element elementor-element-7a2c0bd elementor-widget elementor-widget-heading\" data-id=\"7a2c0bd\" data-element_type=\"widget\" data-e-type=\"widget\" data-widget_type=\"heading.default\">\n\t\t\t\t\t<h2 class=\"elementor-heading-title elementor-size-default\">\u00bfQu\u00e9 son las cookies?<\/h2>\t\t\t\t<\/div>\n\t\t\t\t<div class=\"elementor-element elementor-element-b208cfe elementor-widget elementor-widget-text-editor\" data-id=\"b208cfe\" data-element_type=\"widget\" data-e-type=\"widget\" data-widget_type=\"text-editor.default\">\n\t\t\t\t\t\t\t\t\t<p data-path-to-node=\"8\">Las cookies son peque\u00f1os archivos de texto que se descargan en tu ordenador, tel\u00e9fono o tableta al acceder a ciertas p\u00e1ginas web. Permiten a una p\u00e1gina web, entre otras cosas, almacenar y recuperar informaci\u00f3n sobre los h\u00e1bitos de navegaci\u00f3n de un usuario o de su equipo y, dependiendo de la informaci\u00f3n que contengan, pueden utilizarse para reconocer al usuario.<\/p>\t\t\t\t\t\t\t\t<\/div>\n\t\t\t\t<\/section>\n\t\t<section class=\"elementor-element elementor-element-b41ebb0 e-con-full e-flex e-con e-child\" data-id=\"b41ebb0\" data-element_type=\"container\" data-e-type=\"container\">\n\t\t\t\t<div class=\"elementor-element elementor-element-7a36b73 elementor-widget elementor-widget-heading\" data-id=\"7a36b73\" data-element_type=\"widget\" data-e-type=\"widget\" data-widget_type=\"heading.default\">\n\t\t\t\t\t<h2 class=\"elementor-heading-title elementor-size-default\">\u00bfQu\u00e9 tipos de cookies utiliza esta p\u00e1gina web?<\/h2>\t\t\t\t<\/div>\n\t\t\t\t<div class=\"elementor-element elementor-element-ce013ff elementor-widget elementor-widget-text-editor\" data-id=\"ce013ff\" data-element_type=\"widget\" data-e-type=\"widget\" data-widget_type=\"text-editor.default\">\n\t\t\t\t\t\t\t\t\t<p data-path-to-node=\"10\">En nuestra web no utilizamos cookies propias para recopilar datos personales, pero s\u00ed empleamos cookies de terceros estrictamente con fines publicitarios y de an\u00e1lisis de tr\u00e1fico.<\/p><table data-path-to-node=\"11\"><thead><tr><td><strong>Tipo de Cookie<\/strong><\/td><td><strong>Proveedor<\/strong><\/td><td><strong>Finalidad<\/strong><\/td><td><strong>Duraci\u00f3n<\/strong><\/td><\/tr><\/thead><tbody><tr><td><span data-path-to-node=\"11,1,0,0\"><b data-path-to-node=\"11,1,0,0\" data-index-in-node=\"0\">Publicitaria<\/b><\/span><\/td><td><span data-path-to-node=\"11,1,1,0\">Google Ads<\/span><\/td><td><span data-path-to-node=\"11,1,2,0\">Mostrar anuncios relevantes y personalizados basados en las visitas anteriores del usuario a nuestra web o a otros sitios de Internet.<\/span><\/td><td><span data-path-to-node=\"11,1,3,0\">Hasta 6 meses<\/span><\/td><\/tr><tr><td><span data-path-to-node=\"11,2,0,0\"><b data-path-to-node=\"11,2,0,0\" data-index-in-node=\"0\">T\u00e9cnica<\/b><\/span><\/td><td><span data-path-to-node=\"11,2,1,0\">Plataforma de consentimiento<\/span><\/td><td><span data-path-to-node=\"11,2,2,0\">Guardar la preferencia del usuario sobre si ha aceptado o rechazado las cookies, para no volver a preguntarle.<\/span><\/td><td><span data-path-to-node=\"11,2,3,0\">Hasta 6 meses<\/span><\/td><\/tr><\/tbody><\/table>\t\t\t\t\t\t\t\t<\/div>\n\t\t\t\t<\/section>\n\t\t<section class=\"elementor-element elementor-element-1c8b09a e-con-full e-flex e-con e-child\" data-id=\"1c8b09a\" data-element_type=\"container\" data-e-type=\"container\">\n\t\t\t\t<div class=\"elementor-element elementor-element-8c7cb17 elementor-widget elementor-widget-heading\" data-id=\"8c7cb17\" data-element_type=\"widget\" data-e-type=\"widget\" data-widget_type=\"heading.default\">\n\t\t\t\t\t<h2 class=\"elementor-heading-title elementor-size-default\">Gesti\u00f3n y eliminaci\u00f3n de cookies<\/h2>\t\t\t\t<\/div>\n\t\t\t\t<div class=\"elementor-element elementor-element-bd415b1 elementor-widget elementor-widget-text-editor\" data-id=\"bd415b1\" data-element_type=\"widget\" data-e-type=\"widget\" data-widget_type=\"text-editor.default\">\n\t\t\t\t\t\t\t\t\t<p data-path-to-node=\"13\">Puedes permitir, bloquear o eliminar las cookies instaladas en tu equipo mediante la configuraci\u00f3n de las opciones del navegador instalado en tu ordenador. Ten en cuenta que si desactivas las cookies, es posible que no puedas ver cierta publicidad o que algunas funciones de la web no operen correctamente.<\/p><p data-path-to-node=\"14\">Aqu\u00ed tienes los enlaces a las instrucciones de los navegadores m\u00e1s comunes:<\/p><ul data-path-to-node=\"15\"><li><p data-path-to-node=\"15,0,0\"><b data-path-to-node=\"15,0,0\" data-index-in-node=\"0\">Google Chrome:<\/b> Configuraci\u00f3n &gt; Privacidad y seguridad &gt; Cookies y otros datos de sitios.<\/p><\/li><li><p data-path-to-node=\"15,1,0\"><b data-path-to-node=\"15,1,0\" data-index-in-node=\"0\">Mozilla Firefox:<\/b> Ajustes &gt; Privacidad &amp; Seguridad &gt; Cookies y datos del sitio.<\/p><\/li><li><p data-path-to-node=\"15,2,0\"><b data-path-to-node=\"15,2,0\" data-index-in-node=\"0\">Safari:<\/b> Preferencias &gt; Privacidad &gt; Bloquear todas las cookies.<\/p><\/li><li><p data-path-to-node=\"15,3,0\"><b data-path-to-node=\"15,3,0\" data-index-in-node=\"0\">Microsoft Edge:<\/b> Configuraci\u00f3n &gt; Cookies y permisos del sitio.<\/p><\/li><\/ul><p data-path-to-node=\"16\">Tambi\u00e9n puedes inhabilitar el uso de cookies para publicidad personalizada por parte de terceros accediendo directamente a www.aboutads.info.<\/p><p data-path-to-node=\"17\"><i data-path-to-node=\"17\" data-index-in-node=\"0\">Last updated: May 2026<\/i><\/p>\t\t\t\t\t\t\t\t<\/div>\n\t\t\t\t<\/section>\n\t\t\t\t<\/main>\n\t\t\t\t\t<\/div>\n\t\t\t\t<\/div>\n\t\t\t\t<\/div>","protected":false},"excerpt":{"rendered":"<p>Pol\u00edtica de Cookies de smokecs2.com Esta p\u00e1gina explica qu\u00e9 son las cookies, cu\u00e1les utilizamos en smokecs2.com y c\u00f3mo puedes gestionarlas [&hellip;]<\/p>\n","protected":false},"author":1,"featured_media":0,"parent":0,"menu_order":0,"comment_status":"closed","ping_status":"closed","template":"","meta":{"_acf_changed":false,"site-sidebar-layout":"no-sidebar","site-content-layout":"","ast-site-content-layout":"full-width-container","site-content-style":"default","site-sidebar-style":"default","ast-global-header-display":"","ast-banner-title-visibility":"","ast-main-header-display":"","ast-hfb-above-header-display":"","ast-hfb-below-header-display":"","ast-hfb-mobile-header-display":"","site-post-title":"disabled","ast-breadcrumbs-content":"","ast-featured-img":"disabled","footer-sml-layout":"","ast-disable-related-posts":"","theme-transparent-header-meta":"","adv-header-id-meta":"","stick-header-meta":"","header-above-stick-meta":"","header-main-stick-meta":"","header-below-stick-meta":"","astra-migrate-meta-layouts":"default","ast-page-background-enabled":"default","ast-page-background-meta":{"desktop":{"background-color":"var(--ast-global-color-5)","background-image":"","background-repeat":"repeat","background-position":"center center","background-size":"auto","background-attachment":"scroll","background-type":"","background-media":"","overlay-type":"","overlay-color":"","overlay-opacity":"","overlay-gradient":""},"tablet":{"background-color":"","background-image":"","background-repeat":"repeat","background-position":"center center","background-size":"auto","background-attachment":"scroll","background-type":"","background-media":"","overlay-type":"","overlay-color":"","overlay-opacity":"","overlay-gradient":""},"mobile":{"background-color":"","background-image":"","background-repeat":"repeat","background-position":"center center","background-size":"auto","background-attachment":"scroll","background-type":"","background-media":"","overlay-type":"","overlay-color":"","overlay-opacity":"","overlay-gradient":""}},"ast-content-background-meta":{"desktop":{"background-color":"var(--ast-global-color-4)","background-image":"","background-repeat":"repeat","background-position":"center center","background-size":"auto","background-attachment":"scroll","background-type":"","background-media":"","overlay-type":"","overlay-color":"","overlay-opacity":"","overlay-gradient":""},"tablet":{"background-color":"var(--ast-global-color-4)","background-image":"","background-repeat":"repeat","background-position":"center center","background-size":"auto","background-attachment":"scroll","background-type":"","background-media":"","overlay-type":"","overlay-color":"","overlay-opacity":"","overlay-gradient":""},"mobile":{"background-color":"var(--ast-global-color-4)","background-image":"","background-repeat":"repeat","background-position":"center center","background-size":"auto","background-attachment":"scroll","background-type":"","background-media":"","overlay-type":"","overlay-color":"","overlay-opacity":"","overlay-gradient":""}},"footnotes":""},"mapa":[],"dificultad":[],"tipo_humo":[],"class_list":["post-667","page","type-page","status-publish","hentry"],"acf":[],"_links":{"self":[{"href":"https:\/\/smokecs2.com\/en\/wp-json\/wp\/v2\/pages\/667","targetHints":{"allow":["GET"]}}],"collection":[{"href":"https:\/\/smokecs2.com\/en\/wp-json\/wp\/v2\/pages"}],"about":[{"href":"https:\/\/smokecs2.com\/en\/wp-json\/wp\/v2\/types\/page"}],"author":[{"embeddable":true,"href":"https:\/\/smokecs2.com\/en\/wp-json\/wp\/v2\/users\/1"}],"replies":[{"embeddable":true,"href":"https:\/\/smokecs2.com\/en\/wp-json\/wp\/v2\/comments?post=667"}],"version-history":[{"count":7,"href":"https:\/\/smokecs2.com\/en\/wp-json\/wp\/v2\/pages\/667\/revisions"}],"predecessor-version":[{"id":683,"href":"https:\/\/smokecs2.com\/en\/wp-json\/wp\/v2\/pages\/667\/revisions\/683"}],"wp:attachment":[{"href":"https:\/\/smokecs2.com\/en\/wp-json\/wp\/v2\/media?parent=667"}],"wp:term":[{"taxonomy":"mapa","embeddable":true,"href":"https:\/\/smokecs2.com\/en\/wp-json\/wp\/v2\/mapa?post=667"},{"taxonomy":"dificultad","embeddable":true,"href":"https:\/\/smokecs2.com\/en\/wp-json\/wp\/v2\/dificultad?post=667"},{"taxonomy":"tipo_humo","embeddable":true,"href":"https:\/\/smokecs2.com\/en\/wp-json\/wp\/v2\/tipo_humo?post=667"}],"curies":[{"name":"wp","href":"https:\/\/api.w.org\/{rel}","templated":true}]}}